{"id":4,"date":"2018-12-31T19:02:39","date_gmt":"2018-12-31T19:02:39","guid":{"rendered":"http:\/\/www.ciwic.sk\/?page_id=4"},"modified":"2019-02-10T15:14:37","modified_gmt":"2019-02-10T15:14:37","slug":"spolocnost","status":"publish","type":"page","link":"https:\/\/www.ciwic.sk\/","title":{"rendered":"Spolo\u010dnos\u0165"},"content":{"rendered":"<h1><div id=\"metaslider-id-62\" style=\"max-width: 960px;\" class=\"ml-slider-3-27-6 metaslider metaslider-flex metaslider-62 ml-slider nav-hidden\">\n    <div id=\"metaslider_container_62\">\n        <div id=\"metaslider_62\">\n            <ul aria-live=\"polite\" class=\"slides\">\n                <li style=\"display: block; width: 100%;\" class=\"slide-63 ms-image\"><img src=\"https:\/\/www.ciwic.sk\/wp-content\/uploads\/2018\/12\/33689076_2177136468969864_2323684771512713216_n-e1546280801195-667x277.jpg\" height=\"400\" width=\"960\" alt=\"\" class=\"slider-62 slide-63\" title=\"33689076_2177136468969864_2323684771512713216_n\" \/><\/li>\n                <li style=\"display: none; width: 100%;\" class=\"slide-108 ms-image\"><img src=\"https:\/\/www.ciwic.sk\/wp-content\/uploads\/2019\/01\/34117816_1914928358553760_221502522995507200_n_1914928355220427-960x400.jpg\" height=\"400\" width=\"960\" alt=\"\" class=\"slider-62 slide-108\" title=\"34117816_1914928358553760_221502522995507200_n_1914928355220427\" \/><\/li>\n                <li style=\"display: none; width: 100%;\" class=\"slide-109 ms-image\"><img src=\"https:\/\/www.ciwic.sk\/wp-content\/uploads\/2019\/01\/34190686_1914928301887099_8444063737257656320_n_1914928298553766-960x400.jpg\" height=\"400\" width=\"960\" alt=\"\" class=\"slider-62 slide-109\" title=\"34190686_1914928301887099_8444063737257656320_n_1914928298553766\" \/><\/li>\n                <li style=\"display: none; width: 100%;\" class=\"slide-110 ms-image\"><img src=\"https:\/\/www.ciwic.sk\/wp-content\/uploads\/2019\/01\/34202925_1914927108553885_4937174892274515968_n_1914927101887219-960x400.jpg\" height=\"400\" width=\"960\" alt=\"\" class=\"slider-62 slide-110\" title=\"34202925_1914927108553885_4937174892274515968_n_1914927101887219\" \/><\/li>\n                <li style=\"display: none; width: 100%;\" class=\"slide-111 ms-image\"><img src=\"https:\/\/www.ciwic.sk\/wp-content\/uploads\/2019\/01\/34207281_1914927505220512_6564471656369094656_n_1914927501887179-960x400.jpg\" height=\"400\" width=\"960\" alt=\"\" class=\"slider-62 slide-111\" title=\"34207281_1914927505220512_6564471656369094656_n_1914927501887179\" \/><\/li>\n                <li style=\"display: none; width: 100%;\" class=\"slide-112 ms-image\"><img src=\"https:\/\/www.ciwic.sk\/wp-content\/uploads\/2019\/01\/34268538_1914927708553825_6157079482764099584_n_1914927705220492-960x400.jpg\" height=\"400\" width=\"960\" alt=\"\" class=\"slider-62 slide-112\" title=\"34268538_1914927708553825_6157079482764099584_n_1914927705220492\" \/><\/li>\n                <li style=\"display: none; width: 100%;\" class=\"slide-113 ms-image\"><img src=\"https:\/\/www.ciwic.sk\/wp-content\/uploads\/2019\/01\/34396681_1914927201887209_1626484568599035904_n_1914927195220543-960x400.jpg\" height=\"400\" width=\"960\" alt=\"\" class=\"slider-62 slide-113\" title=\"34396681_1914927201887209_1626484568599035904_n_1914927195220543\" \/><\/li>\n                <li style=\"display: none; width: 100%;\" class=\"slide-114 ms-image\"><img src=\"https:\/\/www.ciwic.sk\/wp-content\/uploads\/2019\/01\/37267217_1986148138098448_3143804546141126656_n_1986148128098449-720x300.jpg\" height=\"400\" width=\"960\" alt=\"\" class=\"slider-62 slide-114\" title=\"37267217_1986148138098448_3143804546141126656_n_1986148128098449\" \/><\/li>\n                <li style=\"display: none; width: 100%;\" class=\"slide-115 ms-image\"><img src=\"https:\/\/www.ciwic.sk\/wp-content\/uploads\/2019\/01\/37354487_1986148101431785_7677229431437393920_n_1986148094765119-960x400.jpg\" height=\"400\" width=\"960\" alt=\"\" class=\"slider-62 slide-115\" title=\"37354487_1986148101431785_7677229431437393920_n_1986148094765119\" \/><\/li>\n                <li style=\"display: none; width: 100%;\" class=\"slide-116 ms-image\"><img src=\"https:\/\/www.ciwic.sk\/wp-content\/uploads\/2019\/01\/37377572_1986148284765100_563593446896435200_n_1986148278098434-960x400.jpg\" height=\"400\" width=\"960\" alt=\"\" class=\"slider-62 slide-116\" title=\"37377572_1986148284765100_563593446896435200_n_1986148278098434\" \/><\/li>\n                <li style=\"display: none; width: 100%;\" class=\"slide-117 ms-image\"><img src=\"https:\/\/www.ciwic.sk\/wp-content\/uploads\/2019\/01\/37381199_1986148474765081_7747924554474848256_n_1986148471431748-960x400.jpg\" height=\"400\" width=\"960\" alt=\"\" class=\"slider-62 slide-117\" title=\"37381199_1986148474765081_7747924554474848256_n_1986148471431748\" \/><\/li>\n                <li style=\"display: none; width: 100%;\" class=\"slide-118 ms-image\"><img src=\"https:\/\/www.ciwic.sk\/wp-content\/uploads\/2019\/01\/37395410_1986148354765093_2745651843622240256_n_1986148344765094-960x400.jpg\" height=\"400\" width=\"960\" alt=\"\" class=\"slider-62 slide-118\" title=\"37395410_1986148354765093_2745651843622240256_n_1986148344765094\" \/><\/li>\n                <li style=\"display: none; width: 100%;\" class=\"slide-119 ms-image\"><img src=\"https:\/\/www.ciwic.sk\/wp-content\/uploads\/2019\/01\/37407787_1986148234765105_7474252128886718464_n_1986148231431772-960x400.jpg\" height=\"400\" width=\"960\" alt=\"\" class=\"slider-62 slide-119\" title=\"37407787_1986148234765105_7474252128886718464_n_1986148231431772\" \/><\/li>\n                <li style=\"display: none; width: 100%;\" class=\"slide-120 ms-image\"><img src=\"https:\/\/www.ciwic.sk\/wp-content\/uploads\/2019\/01\/37417424_1986148121431783_5037464302781464576_n_1986148118098450-960x400.jpg\" height=\"400\" width=\"960\" alt=\"\" class=\"slider-62 slide-120\" title=\"37417424_1986148121431783_5037464302781464576_n_1986148118098450\" \/><\/li>\n                <li style=\"display: none; width: 100%;\" class=\"slide-121 ms-image\"><img src=\"https:\/\/www.ciwic.sk\/wp-content\/uploads\/2019\/01\/37500353_1986148384765090_5230346645480144896_n_1986148378098424-960x400.jpg\" height=\"400\" width=\"960\" alt=\"\" class=\"slider-62 slide-121\" title=\"37500353_1986148384765090_5230346645480144896_n_1986148378098424\" \/><\/li>\n                <li style=\"display: none; width: 100%;\" class=\"slide-122 ms-image\"><img src=\"https:\/\/www.ciwic.sk\/wp-content\/uploads\/2019\/01\/37594182_1986148091431786_3469643996693790720_n_1986148084765120-960x400.jpg\" height=\"400\" width=\"960\" alt=\"\" class=\"slider-62 slide-122\" title=\"37594182_1986148091431786_3469643996693790720_n_1986148084765120\" \/><\/li>\n                <li style=\"display: none; width: 100%;\" class=\"slide-123 ms-image\"><img src=\"https:\/\/www.ciwic.sk\/wp-content\/uploads\/2019\/01\/38005545_2010200162359912_3535175924796358656_o_2010200152359913-960x400.jpg\" height=\"400\" width=\"960\" alt=\"\" class=\"slider-62 slide-123\" title=\"38005545_2010200162359912_3535175924796358656_o_2010200152359913\" \/><\/li>\n                <li style=\"display: none; width: 100%;\" class=\"slide-124 ms-image\"><img src=\"https:\/\/www.ciwic.sk\/wp-content\/uploads\/2019\/01\/38132244_2010199085693353_3368029017545375744_n_2010199082360020-960x400.jpg\" height=\"400\" width=\"960\" alt=\"\" class=\"slider-62 slide-124\" title=\"38132244_2010199085693353_3368029017545375744_n_2010199082360020\" \/><\/li>\n                <li style=\"display: none; width: 100%;\" class=\"slide-125 ms-image\"><img src=\"https:\/\/www.ciwic.sk\/wp-content\/uploads\/2019\/01\/38167231_2010198569026738_7127248685817135104_n_2010198552360073-960x400.jpg\" height=\"400\" width=\"960\" alt=\"\" class=\"slider-62 slide-125\" title=\"38167231_2010198569026738_7127248685817135104_n_2010198552360073\" \/><\/li>\n                <li style=\"display: none; width: 100%;\" class=\"slide-126 ms-image\"><img src=\"https:\/\/www.ciwic.sk\/wp-content\/uploads\/2019\/01\/38183384_2010200312359897_5403535987601047552_n_2010200305693231-960x400.jpg\" height=\"400\" width=\"960\" alt=\"\" class=\"slider-62 slide-126\" title=\"38183384_2010200312359897_5403535987601047552_n_2010200305693231\" \/><\/li>\n                <li style=\"display: none; width: 100%;\" class=\"slide-127 ms-image\"><img src=\"https:\/\/www.ciwic.sk\/wp-content\/uploads\/2019\/01\/38213653_2010199062360022_8508337338726744064_n_2010199052360023-960x400.jpg\" height=\"400\" width=\"960\" alt=\"\" class=\"slider-62 slide-127\" title=\"38213653_2010199062360022_8508337338726744064_n_2010199052360023\" \/><\/li>\n                <li style=\"display: none; width: 100%;\" class=\"slide-128 ms-image\"><img src=\"https:\/\/www.ciwic.sk\/wp-content\/uploads\/2019\/01\/38217179_2010199575693304_8976395083574149120_n_2010199562359972-536x223.jpg\" height=\"400\" width=\"960\" alt=\"\" class=\"slider-62 slide-128\" title=\"38217179_2010199575693304_8976395083574149120_n_2010199562359972\" \/><\/li>\n                <li style=\"display: none; width: 100%;\" class=\"slide-129 ms-image\"><img src=\"https:\/\/www.ciwic.sk\/wp-content\/uploads\/2019\/01\/38218402_2010198582360070_738271510581477376_n_2010198579026737-960x400.jpg\" height=\"400\" width=\"960\" alt=\"\" class=\"slider-62 slide-129\" title=\"38218402_2010198582360070_738271510581477376_n_2010198579026737\" \/><\/li>\n                <li style=\"display: none; width: 100%;\" class=\"slide-130 ms-image\"><img src=\"https:\/\/www.ciwic.sk\/wp-content\/uploads\/2019\/01\/38228795_2010200469026548_3899885525162524672_n_2010200459026549-960x400.jpg\" height=\"400\" width=\"960\" alt=\"\" class=\"slider-62 slide-130\" title=\"38228795_2010200469026548_3899885525162524672_n_2010200459026549\" \/><\/li>\n                <li style=\"display: none; width: 100%;\" class=\"slide-131 ms-image\"><img src=\"https:\/\/www.ciwic.sk\/wp-content\/uploads\/2019\/01\/38230731_2010199975693264_5718197480823193600_n_2010199962359932-960x400.jpg\" height=\"400\" width=\"960\" alt=\"\" class=\"slider-62 slide-131\" title=\"38230731_2010199975693264_5718197480823193600_n_2010199962359932\" \/><\/li>\n                <li style=\"display: none; width: 100%;\" class=\"slide-132 ms-image\"><img src=\"https:\/\/www.ciwic.sk\/wp-content\/uploads\/2019\/01\/38253873_2010200339026561_8424145143522656256_n_2010200332359895-536x223.jpg\" height=\"400\" width=\"960\" alt=\"\" class=\"slider-62 slide-132\" title=\"38253873_2010200339026561_8424145143522656256_n_2010200332359895\" \/><\/li>\n                <li style=\"display: none; width: 100%;\" class=\"slide-133 ms-image\"><img src=\"https:\/\/www.ciwic.sk\/wp-content\/uploads\/2019\/01\/38257357_2010199382359990_4277397503915065344_n_2010199372359991-456x190.jpg\" height=\"400\" width=\"960\" alt=\"\" class=\"slider-62 slide-133\" title=\"38257357_2010199382359990_4277397503915065344_n_2010199372359991\" \/><\/li>\n                <li style=\"display: none; width: 100%;\" class=\"slide-134 ms-image\"><img src=\"https:\/\/www.ciwic.sk\/wp-content\/uploads\/2019\/01\/38260593_2010200505693211_3448607066489356288_n_2010200482359880-960x400.jpg\" height=\"400\" width=\"960\" alt=\"\" class=\"slider-62 slide-134\" title=\"38260593_2010200505693211_3448607066489356288_n_2010200482359880\" \/><\/li>\n                <li style=\"display: none; width: 100%;\" class=\"slide-135 ms-image\"><img src=\"https:\/\/www.ciwic.sk\/wp-content\/uploads\/2019\/01\/38267408_2010200372359891_2248206218843652096_o_2010200359026559-960x400.jpg\" height=\"400\" width=\"960\" alt=\"\" class=\"slider-62 slide-135\" title=\"38267408_2010200372359891_2248206218843652096_o_2010200359026559\" \/><\/li>\n                <li style=\"display: none; width: 100%;\" class=\"slide-136 ms-image\"><img src=\"https:\/\/www.ciwic.sk\/wp-content\/uploads\/2019\/01\/38270460_2010199569026638_4019189443083632640_n_2010199555693306-960x400.jpg\" height=\"400\" width=\"960\" alt=\"\" class=\"slider-62 slide-136\" title=\"38270460_2010199569026638_4019189443083632640_n_2010199555693306\" \/><\/li>\n                <li style=\"display: none; width: 100%;\" class=\"slide-137 ms-image\"><img src=\"https:\/\/www.ciwic.sk\/wp-content\/uploads\/2019\/01\/38277340_2010199985693263_3904510217097838592_n_2010199972359931-960x400.jpg\" height=\"400\" width=\"960\" alt=\"\" class=\"slider-62 slide-137\" title=\"38277340_2010199985693263_3904510217097838592_n_2010199972359931\" \/><\/li>\n                <li style=\"display: none; width: 100%;\" class=\"slide-138 ms-image\"><img src=\"https:\/\/www.ciwic.sk\/wp-content\/uploads\/2019\/01\/38277385_2010198565693405_5344425147275149312_n_2010198549026740-960x400.jpg\" height=\"400\" width=\"960\" alt=\"\" class=\"slider-62 slide-138\" title=\"38277385_2010198565693405_5344425147275149312_n_2010198549026740\" \/><\/li>\n                <li style=\"display: none; width: 100%;\" class=\"slide-139 ms-image\"><img src=\"https:\/\/www.ciwic.sk\/wp-content\/uploads\/2019\/01\/38284511_2010199585693303_1946414230051749888_o_2010199565693305-919x383.jpg\" height=\"400\" width=\"960\" alt=\"\" class=\"slider-62 slide-139\" title=\"38284511_2010199585693303_1946414230051749888_o_2010199565693305\" \/><\/li>\n                <li style=\"display: none; width: 100%;\" class=\"slide-140 ms-image\"><img src=\"https:\/\/www.ciwic.sk\/wp-content\/uploads\/2019\/01\/38287587_2010199412359987_6913920533557936128_n_2010199409026654-960x400.jpg\" height=\"400\" width=\"960\" alt=\"\" class=\"slider-62 slide-140\" title=\"38287587_2010199412359987_6913920533557936128_n_2010199409026654\" \/><\/li>\n                <li style=\"display: none; width: 100%;\" class=\"slide-141 ms-image\"><img src=\"https:\/\/www.ciwic.sk\/wp-content\/uploads\/2019\/01\/38289106_2010199049026690_3528296916196524032_n_2010199032360025-960x400.jpg\" height=\"400\" width=\"960\" alt=\"\" class=\"slider-62 slide-141\" title=\"38289106_2010199049026690_3528296916196524032_n_2010199032360025\" \/><\/li>\n                <li style=\"display: none; width: 100%;\" class=\"slide-142 ms-image\"><img src=\"https:\/\/www.ciwic.sk\/wp-content\/uploads\/2019\/01\/38300188_2010200252359903_8549830807320002560_n_2010200245693237-960x400.jpg\" height=\"400\" width=\"960\" alt=\"\" class=\"slider-62 slide-142\" title=\"38300188_2010200252359903_8549830807320002560_n_2010200245693237\" \/><\/li>\n                <li style=\"display: none; width: 100%;\" class=\"slide-143 ms-image\"><img src=\"https:\/\/www.ciwic.sk\/wp-content\/uploads\/2019\/01\/38391470_2010199989026596_5340676139041947648_n_2010199979026597-536x223.jpg\" height=\"400\" width=\"960\" alt=\"\" class=\"slider-62 slide-143\" title=\"38391470_2010199989026596_5340676139041947648_n_2010199979026597\" \/><\/li>\n                <li style=\"display: none; width: 100%;\" class=\"slide-144 ms-image\"><img src=\"https:\/\/www.ciwic.sk\/wp-content\/uploads\/2019\/01\/38391547_2010200375693224_5018150096844357632_n_2010200365693225-960x400.jpg\" height=\"400\" width=\"960\" alt=\"\" class=\"slider-62 slide-144\" title=\"38391547_2010200375693224_5018150096844357632_n_2010200365693225\" \/><\/li>\n                <li style=\"display: none; width: 100%;\" class=\"slide-145 ms-image\"><img src=\"https:\/\/www.ciwic.sk\/wp-content\/uploads\/2019\/01\/38391975_2010199615693300_6916387562772758528_n_2010199602359968-960x400.jpg\" height=\"400\" width=\"960\" alt=\"\" class=\"slider-62 slide-145\" title=\"38391975_2010199615693300_6916387562772758528_n_2010199602359968\" \/><\/li>\n                <li style=\"display: none; width: 100%;\" class=\"slide-146 ms-image\"><img src=\"https:\/\/www.ciwic.sk\/wp-content\/uploads\/2019\/01\/38392176_2010199402359988_1532424531413565440_n_2010199392359989-960x400.jpg\" height=\"400\" width=\"960\" alt=\"\" class=\"slider-62 slide-146\" title=\"38392176_2010199402359988_1532424531413565440_n_2010199392359989\" \/><\/li>\n                <li style=\"display: none; width: 100%;\" class=\"slide-147 ms-image\"><img src=\"https:\/\/www.ciwic.sk\/wp-content\/uploads\/2019\/01\/38406445_2010199395693322_2457522334777475072_n_2010199389026656-960x400.jpg\" height=\"400\" width=\"960\" alt=\"\" class=\"slider-62 slide-147\" title=\"38406445_2010199395693322_2457522334777475072_n_2010199389026656\" \/><\/li>\n                <li style=\"display: none; width: 100%;\" class=\"slide-148 ms-image\"><img src=\"https:\/\/www.ciwic.sk\/wp-content\/uploads\/2019\/01\/38422912_2010198559026739_2883359713586577408_n_2010198545693407-536x223.jpg\" height=\"400\" width=\"960\" alt=\"\" class=\"slider-62 slide-148\" title=\"38422912_2010198559026739_2883359713586577408_n_2010198545693407\" \/><\/li>\n                <li style=\"display: none; width: 100%;\" class=\"slide-149 ms-image\"><img src=\"https:\/\/www.ciwic.sk\/wp-content\/uploads\/2019\/01\/38465808_2010200422359886_3083156687343845376_n_2010200412359887-536x223.jpg\" height=\"400\" width=\"960\" alt=\"\" class=\"slider-62 slide-149\" title=\"38465808_2010200422359886_3083156687343845376_n_2010200412359887\" \/><\/li>\n                <li style=\"display: none; width: 100%;\" class=\"slide-150 ms-image\"><img src=\"https:\/\/www.ciwic.sk\/wp-content\/uploads\/2019\/01\/38471373_2010199069026688_4991904303317778432_n_2010199055693356-960x400.jpg\" height=\"400\" width=\"960\" alt=\"\" class=\"slider-62 slide-150\" title=\"38471373_2010199069026688_4991904303317778432_n_2010199055693356\" \/><\/li>\n                <li style=\"display: none; width: 100%;\" class=\"slide-151 ms-image\"><img src=\"https:\/\/www.ciwic.sk\/wp-content\/uploads\/2019\/01\/38391547_2010200375693224_5018150096844357632_n_2010200365693225-960x400.jpg\" height=\"400\" width=\"960\" alt=\"\" class=\"slider-62 slide-151\" title=\"38391547_2010200375693224_5018150096844357632_n_2010200365693225\" \/><\/li>\n            <\/ul>\n        <\/div>\n        \n    <\/div>\n<\/div><\/h1>\n<h1>Vitajte na na\u0161ej str\u00e1nke.<\/h1>\n<p class=\"lead\">Sme spolo\u010dnos\u0165 s dlhodob\u00fdmi sk\u00fasenos\u0165ami, ktor\u00e1 sa zaober\u00e1 stavebn\u00fdmi pr\u00e1cami. Orientujeme sa predov\u0161etk\u00fdm na z\u00e1mkov\u00e9 dla\u017eby, gabiony a ploty. Na\u0161a spolo\u010dnos\u0165 m\u00e1 dlhodob\u00e9 sk\u00fasenosti a inovat\u00edvne realizovanie stavebnej \u010dinnosti. Na tejto str\u00e1nke si m\u00f4\u017eete pozrie\u0165 v\u00fdsledky na\u0161ej pr\u00e1ce a sami m\u00f4\u017eete pos\u00fadi\u0165 a ohodnoti\u0165 \u010dinnos\u0165 spolo\u010dnosti.<\/p>\n","protected":false},"excerpt":{"rendered":"<p>Vitajte na na\u0161ej str\u00e1nke. Sme spolo\u010dnos\u0165 s dlhodob\u00fdmi sk\u00fasenos\u0165ami, ktor\u00e1 sa zaober\u00e1 stavebn\u00fdmi pr\u00e1cami. Orientujeme sa predov\u0161etk\u00fdm na z\u00e1mkov\u00e9 dla\u017eby, gabiony a ploty. Na\u0161a spolo\u010dnos\u0165 m\u00e1 dlhodob\u00e9 sk\u00fasenosti a inovat\u00edvne realizovanie stavebnej \u010dinnosti. Na tejto str\u00e1nke si m\u00f4\u017eete pozrie\u0165 v\u00fdsledky na\u0161ej pr\u00e1ce a sami m\u00f4\u017eete pos\u00fadi\u0165 a ohodnoti\u0165 \u010dinnos\u0165 spolo\u010dnosti.<\/p>\n","protected":false},"author":1,"featured_media":0,"parent":0,"menu_order":0,"comment_status":"closed","ping_status":"closed","template":"","meta":[],"_links":{"self":[{"href":"https:\/\/www.ciwic.sk\/index.php?rest_route=\/wp\/v2\/pages\/4"}],"collection":[{"href":"https:\/\/www.ciwic.sk\/index.php?rest_route=\/wp\/v2\/pages"}],"about":[{"href":"https:\/\/www.ciwic.sk\/index.php?rest_route=\/wp\/v2\/types\/page"}],"author":[{"embeddable":true,"href":"https:\/\/www.ciwic.sk\/index.php?rest_route=\/wp\/v2\/users\/1"}],"replies":[{"embeddable":true,"href":"https:\/\/www.ciwic.sk\/index.php?rest_route=%2Fwp%2Fv2%2Fcomments&post=4"}],"version-history":[{"count":6,"href":"https:\/\/www.ciwic.sk\/index.php?rest_route=\/wp\/v2\/pages\/4\/revisions"}],"predecessor-version":[{"id":558,"href":"https:\/\/www.ciwic.sk\/index.php?rest_route=\/wp\/v2\/pages\/4\/revisions\/558"}],"wp:attachment":[{"href":"https:\/\/www.ciwic.sk\/index.php?rest_route=%2Fwp%2Fv2%2Fmedia&parent=4"}],"curies":[{"name":"wp","href":"https:\/\/api.w.org\/{rel}","templated":true}]}}